{"id":625,"date":"2026-03-30T09:17:54","date_gmt":"2026-03-30T09:17:54","guid":{"rendered":"https:\/\/www.queenmixa.com\/?page_id=625"},"modified":"2026-03-30T09:17:54","modified_gmt":"2026-03-30T09:17:54","slug":"mentions-legales","status":"publish","type":"page","link":"https:\/\/www.queenmixa.com\/maurice\/mentions-legales\/","title":{"rendered":"Mentions L\u00e9gales"},"content":{"rendered":"<h1>Mentions L\u00e9gales<\/h1>\n<p data-path-to-node=\"4\"><b data-path-to-node=\"4\" data-index-in-node=\"0\">\u00c9diteur du Site :<\/b> L\u2019Or\u00e9al France, soci\u00e9t\u00e9 en nom collectif au capital de 127 918 715 euros.<\/p>\n<ul data-path-to-node=\"5\">\n<li>\n<p data-path-to-node=\"5,0,0\"><b data-path-to-node=\"5,0,0\" data-index-in-node=\"0\">Si\u00e8ge social :<\/b> 30 rue d\u2019Alsace 92300 Levallois-Perret.<\/p>\n<\/li>\n<li>\n<p data-path-to-node=\"5,1,0\"><b data-path-to-node=\"5,1,0\" data-index-in-node=\"0\">RCS :<\/b> Nanterre n\u00b0 919 434 894.<\/p>\n<\/li>\n<li>\n<p data-path-to-node=\"5,2,0\"><b data-path-to-node=\"5,2,0\" data-index-in-node=\"0\">TVA :<\/b> FR 84 919 434 894.<\/p>\n<\/li>\n<li>\n<p data-path-to-node=\"5,3,0\"><b data-path-to-node=\"5,3,0\" data-index-in-node=\"0\">Contact :<\/b> 08 10 44 08 80.<\/p>\n<\/li>\n<\/ul>\n<p data-path-to-node=\"6\"><b data-path-to-node=\"6\" data-index-in-node=\"0\">Directeur de la publication :<\/b> Myriam BEKKAR-SCHNEIDER.<\/p>\n<p data-path-to-node=\"7\"><b data-path-to-node=\"7\" data-index-in-node=\"0\">H\u00e9bergement :<\/b> Ce site est h\u00e9berg\u00e9 par la soci\u00e9t\u00e9 <b data-path-to-node=\"3,0\" data-index-in-node=\"49\">Hostinger<\/b>.<\/p>\n<ul data-path-to-node=\"8\">\n<li>\n<p data-path-to-node=\"8,0,0\"><b data-path-to-node=\"8,0,0\" data-index-in-node=\"0\">Localisation :<\/b> Hostinger International Ltd., 61 Lordou Vironos Street, 6023 Larnaca, Chypre.<\/p>\n<\/li>\n<li>\n<p data-path-to-node=\"8,1,0\"><b data-path-to-node=\"8,1,0\" data-index-in-node=\"0\">Informations compl\u00e9mentaires :<\/b> <a class=\"ng-star-inserted\" href=\"http:\/\/www.windowsazure.com\/fr-fr\/support\/trust-center\/privacy\/\" target=\"_blank\" rel=\"noopener\" data-hveid=\"0\" data-ved=\"0CAAQ_4QMahgKEwj0jqHJk8eTAxUAAAAAHQAAAAAQxwI\">https:\/\/www.hostinger.fr\/contact<\/a><\/p>\n<p><b data-path-to-node=\"9\" data-index-in-node=\"0\">R\u00e9alisation :<\/b> Common Ideas<\/li>\n<\/ul>\n<ul data-path-to-node=\"10\">\n<li>\n<p data-path-to-node=\"10,0,0\"><b data-path-to-node=\"10,0,0\" data-index-in-node=\"0\">RCS :<\/b> Tours n\u00b0 819 030 321<\/p>\n<\/li>\n<li>\n<p data-path-to-node=\"10,1,0\"><b data-path-to-node=\"10,1,0\" data-index-in-node=\"0\">Si\u00e8ge social :<\/b> 58 rue George Sand, 37000, Tours<!-- notionvc: ae1eadfd-ba26-4cc6-97c4-d5edf1850139 --><!-- notionvc: ff3a4c67-bd9e-4d4a-8ebd-c7e98b2a7619 --><\/p>\n<\/li>\n<li>\n<p data-path-to-node=\"10,2,0\"><b data-path-to-node=\"10,2,0\" data-index-in-node=\"0\">Contact :<\/b> 06 70 98 57 52 \u2013 <a class=\"footer-link-text\" href=\"mailto:contact@common-ideas.com\">contact@common-ideas.com<\/a><\/p>\n<\/li>\n<\/ul>\n","protected":false},"excerpt":{"rendered":"<p>Mentions L\u00e9gales \u00c9diteur du Site : L\u2019Or\u00e9al France, soci\u00e9t\u00e9 en nom collectif au capital de 127 918 715 euros. Si\u00e8ge social : 30 rue d\u2019Alsace 92300 Levallois-Perret. RCS : Nanterre n\u00b0 919 434 894. TVA : FR 84 919 434 894. Contact : 08 10 44 08 80. Directeur de la publication : Myriam BEKKAR-SCHNEIDER. [&hellip;]<\/p>\n","protected":false},"author":1,"featured_media":0,"parent":0,"menu_order":0,"comment_status":"closed","ping_status":"closed","template":"","meta":{"_acf_changed":false,"_monsterinsights_skip_tracking":false,"_monsterinsights_sitenote_active":false,"_monsterinsights_sitenote_note":"","_monsterinsights_sitenote_category":0,"footnotes":""},"class_list":["post-625","page","type-page","status-publish","hentry"],"acf":[],"yoast_head":"<!-- This site is optimized with the Yoast SEO plugin v27.3 - https:\/\/yoast.com\/product\/yoast-seo-wordpress\/ -->\n<title>Mentions L\u00e9gales - Mixa Queen<\/title>\n<meta name=\"robots\" content=\"index, follow, max-snippet:-1, max-image-preview:large, max-video-preview:-1\" \/>\n<link rel=\"canonical\" href=\"https:\/\/www.queenmixa.com\/maurice\/mentions-legales\/\" \/>\n<meta property=\"og:locale\" content=\"en_US\" \/>\n<meta property=\"og:type\" content=\"article\" \/>\n<meta property=\"og:title\" content=\"Mentions L\u00e9gales - Mixa Queen\" \/>\n<meta property=\"og:description\" content=\"Mentions L\u00e9gales \u00c9diteur du Site : L\u2019Or\u00e9al France, soci\u00e9t\u00e9 en nom collectif au capital de 127 918 715 euros. Si\u00e8ge social : 30 rue d\u2019Alsace 92300 Levallois-Perret. RCS : Nanterre n\u00b0 919 434 894. TVA : FR 84 919 434 894. Contact : 08 10 44 08 80. Directeur de la publication : Myriam BEKKAR-SCHNEIDER. [&hellip;]\" \/>\n<meta property=\"og:url\" content=\"https:\/\/www.queenmixa.com\/maurice\/mentions-legales\/\" \/>\n<meta property=\"og:site_name\" content=\"Mixa Queen\" \/>\n<meta name=\"twitter:card\" content=\"summary_large_image\" \/>\n<meta name=\"twitter:label1\" content=\"Est. reading time\" \/>\n\t<meta name=\"twitter:data1\" content=\"1 minute\" \/>\n<script type=\"application\/ld+json\" class=\"yoast-schema-graph\">{\"@context\":\"https:\\\/\\\/schema.org\",\"@graph\":[{\"@type\":\"WebPage\",\"@id\":\"https:\\\/\\\/www.queenmixa.com\\\/maurice\\\/mentions-legales\\\/\",\"url\":\"https:\\\/\\\/www.queenmixa.com\\\/maurice\\\/mentions-legales\\\/\",\"name\":\"Mentions L\u00e9gales - Mixa Queen\",\"isPartOf\":{\"@id\":\"https:\\\/\\\/www.queenmixa.com\\\/maurice\\\/#website\"},\"datePublished\":\"2026-03-30T09:17:54+00:00\",\"breadcrumb\":{\"@id\":\"https:\\\/\\\/www.queenmixa.com\\\/maurice\\\/mentions-legales\\\/#breadcrumb\"},\"inLanguage\":\"en-US\",\"potentialAction\":[{\"@type\":\"ReadAction\",\"target\":[\"https:\\\/\\\/www.queenmixa.com\\\/maurice\\\/mentions-legales\\\/\"]}]},{\"@type\":\"BreadcrumbList\",\"@id\":\"https:\\\/\\\/www.queenmixa.com\\\/maurice\\\/mentions-legales\\\/#breadcrumb\",\"itemListElement\":[{\"@type\":\"ListItem\",\"position\":1,\"name\":\"Home\",\"item\":\"https:\\\/\\\/www.queenmixa.com\\\/maurice\\\/\"},{\"@type\":\"ListItem\",\"position\":2,\"name\":\"Mentions L\u00e9gales\"}]},{\"@type\":\"WebSite\",\"@id\":\"https:\\\/\\\/www.queenmixa.com\\\/maurice\\\/#website\",\"url\":\"https:\\\/\\\/www.queenmixa.com\\\/maurice\\\/\",\"name\":\"Mixa Queen\",\"description\":\"\",\"publisher\":{\"@id\":\"https:\\\/\\\/www.queenmixa.com\\\/maurice\\\/#organization\"},\"potentialAction\":[{\"@type\":\"SearchAction\",\"target\":{\"@type\":\"EntryPoint\",\"urlTemplate\":\"https:\\\/\\\/www.queenmixa.com\\\/maurice\\\/?s={search_term_string}\"},\"query-input\":{\"@type\":\"PropertyValueSpecification\",\"valueRequired\":true,\"valueName\":\"search_term_string\"}}],\"inLanguage\":\"en-US\"},{\"@type\":\"Organization\",\"@id\":\"https:\\\/\\\/www.queenmixa.com\\\/maurice\\\/#organization\",\"name\":\"Mixa Queen\",\"url\":\"https:\\\/\\\/www.queenmixa.com\\\/maurice\\\/\",\"logo\":{\"@type\":\"ImageObject\",\"inLanguage\":\"en-US\",\"@id\":\"https:\\\/\\\/www.queenmixa.com\\\/maurice\\\/#\\\/schema\\\/logo\\\/image\\\/\",\"url\":\"https:\\\/\\\/www.queenmixa.com\\\/maurice\\\/wp-content\\\/uploads\\\/2026\\\/03\\\/mixa-logo-new-1.svg\",\"contentUrl\":\"https:\\\/\\\/www.queenmixa.com\\\/maurice\\\/wp-content\\\/uploads\\\/2026\\\/03\\\/mixa-logo-new-1.svg\",\"caption\":\"Mixa Queen\"},\"image\":{\"@id\":\"https:\\\/\\\/www.queenmixa.com\\\/maurice\\\/#\\\/schema\\\/logo\\\/image\\\/\"}}]}<\/script>\n<!-- \/ Yoast SEO plugin. -->","yoast_head_json":{"title":"Mentions L\u00e9gales - Mixa Queen","robots":{"index":"index","follow":"follow","max-snippet":"max-snippet:-1","max-image-preview":"max-image-preview:large","max-video-preview":"max-video-preview:-1"},"canonical":"https:\/\/www.queenmixa.com\/maurice\/mentions-legales\/","og_locale":"en_US","og_type":"article","og_title":"Mentions L\u00e9gales - Mixa Queen","og_description":"Mentions L\u00e9gales \u00c9diteur du Site : L\u2019Or\u00e9al France, soci\u00e9t\u00e9 en nom collectif au capital de 127 918 715 euros. Si\u00e8ge social : 30 rue d\u2019Alsace 92300 Levallois-Perret. RCS : Nanterre n\u00b0 919 434 894. TVA : FR 84 919 434 894. Contact : 08 10 44 08 80. Directeur de la publication : Myriam BEKKAR-SCHNEIDER. [&hellip;]","og_url":"https:\/\/www.queenmixa.com\/maurice\/mentions-legales\/","og_site_name":"Mixa Queen","twitter_card":"summary_large_image","twitter_misc":{"Est. reading time":"1 minute"},"schema":{"@context":"https:\/\/schema.org","@graph":[{"@type":"WebPage","@id":"https:\/\/www.queenmixa.com\/maurice\/mentions-legales\/","url":"https:\/\/www.queenmixa.com\/maurice\/mentions-legales\/","name":"Mentions L\u00e9gales - Mixa Queen","isPartOf":{"@id":"https:\/\/www.queenmixa.com\/maurice\/#website"},"datePublished":"2026-03-30T09:17:54+00:00","breadcrumb":{"@id":"https:\/\/www.queenmixa.com\/maurice\/mentions-legales\/#breadcrumb"},"inLanguage":"en-US","potentialAction":[{"@type":"ReadAction","target":["https:\/\/www.queenmixa.com\/maurice\/mentions-legales\/"]}]},{"@type":"BreadcrumbList","@id":"https:\/\/www.queenmixa.com\/maurice\/mentions-legales\/#breadcrumb","itemListElement":[{"@type":"ListItem","position":1,"name":"Home","item":"https:\/\/www.queenmixa.com\/maurice\/"},{"@type":"ListItem","position":2,"name":"Mentions L\u00e9gales"}]},{"@type":"WebSite","@id":"https:\/\/www.queenmixa.com\/maurice\/#website","url":"https:\/\/www.queenmixa.com\/maurice\/","name":"Mixa Queen","description":"","publisher":{"@id":"https:\/\/www.queenmixa.com\/maurice\/#organization"},"potentialAction":[{"@type":"SearchAction","target":{"@type":"EntryPoint","urlTemplate":"https:\/\/www.queenmixa.com\/maurice\/?s={search_term_string}"},"query-input":{"@type":"PropertyValueSpecification","valueRequired":true,"valueName":"search_term_string"}}],"inLanguage":"en-US"},{"@type":"Organization","@id":"https:\/\/www.queenmixa.com\/maurice\/#organization","name":"Mixa Queen","url":"https:\/\/www.queenmixa.com\/maurice\/","logo":{"@type":"ImageObject","inLanguage":"en-US","@id":"https:\/\/www.queenmixa.com\/maurice\/#\/schema\/logo\/image\/","url":"https:\/\/www.queenmixa.com\/maurice\/wp-content\/uploads\/2026\/03\/mixa-logo-new-1.svg","contentUrl":"https:\/\/www.queenmixa.com\/maurice\/wp-content\/uploads\/2026\/03\/mixa-logo-new-1.svg","caption":"Mixa Queen"},"image":{"@id":"https:\/\/www.queenmixa.com\/maurice\/#\/schema\/logo\/image\/"}}]}},"_links":{"self":[{"href":"https:\/\/www.queenmixa.com\/maurice\/wp-json\/wp\/v2\/pages\/625","targetHints":{"allow":["GET"]}}],"collection":[{"href":"https:\/\/www.queenmixa.com\/maurice\/wp-json\/wp\/v2\/pages"}],"about":[{"href":"https:\/\/www.queenmixa.com\/maurice\/wp-json\/wp\/v2\/types\/page"}],"author":[{"embeddable":true,"href":"https:\/\/www.queenmixa.com\/maurice\/wp-json\/wp\/v2\/users\/1"}],"replies":[{"embeddable":true,"href":"https:\/\/www.queenmixa.com\/maurice\/wp-json\/wp\/v2\/comments?post=625"}],"version-history":[{"count":0,"href":"https:\/\/www.queenmixa.com\/maurice\/wp-json\/wp\/v2\/pages\/625\/revisions"}],"wp:attachment":[{"href":"https:\/\/www.queenmixa.com\/maurice\/wp-json\/wp\/v2\/media?parent=625"}],"curies":[{"name":"wp","href":"https:\/\/api.w.org\/{rel}","templated":true}]}}