{"id":618,"date":"2026-03-30T09:10:13","date_gmt":"2026-03-30T09:10:13","guid":{"rendered":"https:\/\/www.queenmixa.com\/?page_id=618"},"modified":"2026-03-30T09:10:13","modified_gmt":"2026-03-30T09:10:13","slug":"conditions-generales-dutilisation","status":"publish","type":"page","link":"https:\/\/www.queenmixa.com\/maurice\/conditions-generales-dutilisation\/","title":{"rendered":"Conditions g\u00e9n\u00e9rales d\u2019utilisation"},"content":{"rendered":"<h1 data-path-to-node=\"3\">Conditions g\u00e9n\u00e9rales d\u2019utilisation<\/h1>\n<p data-path-to-node=\"3\"><b data-path-to-node=\"3\" data-index-in-node=\"0\">En vigueur \u00e0 partir du 01\/07\/2023<\/b><\/p>\n<p data-path-to-node=\"4\"><b data-path-to-node=\"4\" data-index-in-node=\"0\">URL du Site :<\/b> <a class=\"ng-star-inserted\" href=\"https:\/\/www.mixa.fr\/\" target=\"_blank\" rel=\"noopener\" data-hveid=\"0\" data-ved=\"0CAAQ_4QMahgKEwj0jqHJk8eTAxUAAAAAHQAAAAAQjQI\">https:\/\/www.queenmixa.com\/maurice\/<\/a><br \/>\n<b data-path-to-node=\"4\" data-index-in-node=\"35\">Contact :<\/b> Num\u00e9ro de t\u00e9l\u00e9phone : 08 10 44 08 80<br \/>\n<b data-path-to-node=\"4\" data-index-in-node=\"82\">Directeur de la publication :<\/b> Myriam BEKKAR-<span class=\"citation-250 citation-251 citation-end-251\">SCHNEIDER<br \/>\n<\/span><b data-path-to-node=\"4\" data-index-in-node=\"136\"><span class=\"citation-248 citation-249\">Editeur :<\/span><\/b><span class=\"citation-248 citation-249 citation-end-249\"> L\u2019Or\u00e9al France, soci\u00e9t\u00e9 en nom collectif au capital de 127 918 715 euros, dont le si\u00e8ge social est 30 rue d\u2019Alsace 92300 Levallois-Perret, inscrite au Registre du Commerce et des So<\/span><span class=\"citation-248 citation-end-248\">ci\u00e9t\u00e9s de Nanterre sous le num\u00e9ro 919 434 894, agissant au nom et pour<\/span> le compte de sa division Produits Grand Public (ci-apr\u00e8s la \u00ab Soci\u00e9t\u00e9 Editrice \u00bb ou \u00ab Nous \u00bb).<br \/>\n<b data-path-to-node=\"4\" data-index-in-node=\"493\">Num\u00e9ro de TVA :<\/b> FR 84 919 434 894<br \/>\n<b data-path-to-node=\"4\" data-index-in-node=\"527\">H\u00e9bergeur :<\/b> Hostinger.<br \/>\n<b data-path-to-node=\"4\" data-index-in-node=\"577\">R\u00e9alisation du site :<\/b> Common Ideas, 58 rue George Sand, 37000, Tours<\/p>\n<h3 data-path-to-node=\"6\">1. Acc\u00e8s au site<\/h3>\n<p data-path-to-node=\"7\">Pour acc\u00e9der et utiliser ce Site, vous devez \u00eatre \u00e2g\u00e9(e) de 16 ans ou plus. L\u2019acc\u00e8s \u00e0 certaines Rubriques peut n\u00e9cessiter des codes d&#8217;acc\u00e8s personnels qu&#8217;il vous appartient de garder secrets. Nous nous r\u00e9servons le droit de suspendre votre acc\u00e8s en cas de non-respect des pr\u00e9sentes conditions. Les frais d\u2019acc\u00e8s au r\u00e9seau restent \u00e0 votre charge.<\/p>\n<h3 data-path-to-node=\"8\">2. Propri\u00e9t\u00e9 intellectuelle<\/h3>\n<p data-path-to-node=\"9\"><b data-path-to-node=\"9\" data-index-in-node=\"0\">a. Droits de propri\u00e9t\u00e9 intellectuelle :<\/b> Le Site et ses composants (marques, images, textes, vid\u00e9os) sont prot\u00e9g\u00e9s. Toute reproduction \u00e0 des fins commerciales est interdite. Les &#8220;Contenus T\u00e9l\u00e9chargeables&#8221; sont conc\u00e9d\u00e9s pour un usage strictement personnel et priv\u00e9. <b data-path-to-node=\"9\" data-index-in-node=\"264\">b. Droit des tiers :<\/b> Vous devez obtenir toutes les autorisations n\u00e9cessaires avant de publier des contenus (droits d&#8217;auteur, droit \u00e0 l&#8217;image). <b data-path-to-node=\"9\" data-index-in-node=\"407\">c. Contenus Utilisateurs :<\/b> En publiant un contenu (avis, photo), vous accordez \u00e0 la Soci\u00e9t\u00e9 une licence gratuite, mondiale et illimit\u00e9e pour utiliser, modifier et diffuser ce contenu sur tous supports (presse, r\u00e9seaux sociaux, publicit\u00e9).<\/p>\n<h3 data-path-to-node=\"10\">3. Charte de bonne conduite<\/h3>\n<p data-path-to-node=\"11\">Il est interdit de v\u00e9hiculer des propos racistes, violents, vulgaires ou malveillants. Vous ne devez pas utiliser le site \u00e0 des fins de propagande politique, publicitaire pour des concurrents, ou pour diffuser des donn\u00e9es personnelles de tiers sans consentement. Tout contenu illicite peut \u00eatre signal\u00e9 \u00e0 l&#8217;adresse du Service Digital \u00e0 Levallois-Perret.<\/p>\n<h3 data-path-to-node=\"12\">4. Informations contenues sur le site<\/h3>\n<p data-path-to-node=\"13\"><b data-path-to-node=\"13\" data-index-in-node=\"0\">a. Dispositions g\u00e9n\u00e9rales :<\/b> Des inexactitudes peuvent appara\u00eetre ; nous nous effor\u00e7ons de les corriger.<br \/>\n<b data-path-to-node=\"13\" data-index-in-node=\"104\">b. Conseils et diagnostics :<\/b> Les outils de diagnostic cosm\u00e9tique sont indicatifs et ne remplacent en aucun cas un diagnostic m\u00e9dical.<br \/>\n<b data-path-to-node=\"13\" data-index-in-node=\"238\">c. Liens hypertextes :<\/b> Nous ne ma\u00eetrisons pas le contenu des sites tiers vers lesquels nous renvoyons.<\/p>\n<h3 data-path-to-node=\"14\">5. Donn\u00e9es \u00e0 caract\u00e8re personnel<\/h3>\n<p data-path-to-node=\"15\">Nous collectons des donn\u00e9es pour des \u00e9tudes statistiques, le suivi client et la fourniture de services (newsletters). Elles sont conserv\u00e9es 3 ans. Conform\u00e9ment \u00e0 la loi, vous disposez d&#8217;un droit d&#8217;acc\u00e8s, de rectification et de suppression en \u00e9crivant au Service Digital (30 rue d\u2019Alsace, Levallois-Perret).<\/p>\n<h3 data-path-to-node=\"16\">6. Cookies<\/h3>\n<p data-path-to-node=\"17\">Des cookies sont d\u00e9pos\u00e9s sur votre terminal pour am\u00e9liorer la navigation. Consultez notre tableau d\u00e9di\u00e9 pour plus d&#8217;informations.<\/p>\n<h3 data-path-to-node=\"18\">7. Modification du site et des conditions d\u2019utilisation<\/h3>\n<p data-path-to-node=\"19\">Nous pouvons modifier le contenu et les conditions d&#8217;utilisation \u00e0 tout moment pour respecter la l\u00e9gislation ou am\u00e9liorer le service. L&#8217;utilisation continue du site vaut acceptation.<\/p>\n<h3 data-path-to-node=\"20\">8. Cr\u00e9dits<\/h3>\n<p data-path-to-node=\"21\">D\u00e9veloppement assur\u00e9 par la soci\u00e9t\u00e9 CASTELIS.<\/p>\n<h3 data-path-to-node=\"22\">9. Avertissement<\/h3>\n<p data-path-to-node=\"23\">Nous ne garantissons pas l&#8217;accessibilit\u00e9 permanente du site (maintenance, erreurs r\u00e9seau Internet). Notre responsabilit\u00e9 ne pourra \u00eatre engag\u00e9e qu&#8217;au titre de dommages directs.<\/p>\n<h3 data-path-to-node=\"24\">10. Droit applicable et litiges<\/h3>\n<p data-path-to-node=\"25\">Les conditions sont soumises \u00e0 la loi fran\u00e7aise. En cas de litige non r\u00e9solu par le Service Client, vous pouvez saisir gratuitement le m\u00e9diateur (CMAP &#8211; <a class=\"ng-star-inserted\" href=\"http:\/\/www.cmap.fr\" target=\"_blank\" rel=\"noopener\" data-hveid=\"0\" data-ved=\"0CAAQ_4QMahgKEwj0jqHJk8eTAxUAAAAAHQAAAAAQjgI\">http:\/\/www.cmap.fr<\/a>).<\/p>\n<h3 data-path-to-node=\"26\">11. Analyse de la peau via ia<\/h3>\n<p data-path-to-node=\"27\">Le service d&#8217;analyse par IA d\u00e9tecte les signes de l&#8217;\u00e2ge. La photo utilis\u00e9e n&#8217;est pas conserv\u00e9e et est supprim\u00e9e imm\u00e9diatement apr\u00e8s l&#8217;analyse.<\/p>\n<p data-path-to-node=\"29\"><b data-path-to-node=\"29\" data-index-in-node=\"0\">Conseil pour votre site :<\/b> Pour votre projet (par exemple Mixa Queen), n&#8217;oubliez pas de remplacer les informations de l&#8217;\u00c9diteur (L&#8217;Or\u00e9al) et de l&#8217;H\u00e9bergeur par vos propres informations l\u00e9gales si vous n&#8217;\u00eates pas officiellement li\u00e9 \u00e0 cette structure.<\/p>\n<p data-path-to-node=\"29\">\n","protected":false},"excerpt":{"rendered":"<p>Conditions g\u00e9n\u00e9rales d\u2019utilisation En vigueur \u00e0 partir du 01\/07\/2023 URL du Site : https:\/\/www.queenmixa.com\/maurice\/ Contact : Num\u00e9ro de t\u00e9l\u00e9phone : 08 10 44 08 80 Directeur de la publication : Myriam BEKKAR-SCHNEIDER Editeur : L\u2019Or\u00e9al France, soci\u00e9t\u00e9 en nom collectif au capital de 127 918 715 euros, dont le si\u00e8ge social est 30 rue d\u2019Alsace [&hellip;]<\/p>\n","protected":false},"author":1,"featured_media":0,"parent":0,"menu_order":0,"comment_status":"closed","ping_status":"closed","template":"","meta":{"_acf_changed":false,"_monsterinsights_skip_tracking":false,"_monsterinsights_sitenote_active":false,"_monsterinsights_sitenote_note":"","_monsterinsights_sitenote_category":0,"footnotes":""},"class_list":["post-618","page","type-page","status-publish","hentry"],"acf":[],"yoast_head":"<!-- This site is optimized with the Yoast SEO plugin v27.3 - https:\/\/yoast.com\/product\/yoast-seo-wordpress\/ -->\n<title>Conditions g\u00e9n\u00e9rales d\u2019utilisation - Mixa Queen<\/title>\n<meta name=\"robots\" content=\"index, follow, max-snippet:-1, max-image-preview:large, max-video-preview:-1\" \/>\n<link rel=\"canonical\" href=\"https:\/\/www.queenmixa.com\/maurice\/conditions-generales-dutilisation\/\" \/>\n<meta property=\"og:locale\" content=\"en_US\" \/>\n<meta property=\"og:type\" content=\"article\" \/>\n<meta property=\"og:title\" content=\"Conditions g\u00e9n\u00e9rales d\u2019utilisation - Mixa Queen\" \/>\n<meta property=\"og:description\" content=\"Conditions g\u00e9n\u00e9rales d\u2019utilisation En vigueur \u00e0 partir du 01\/07\/2023 URL du Site : https:\/\/www.queenmixa.com\/maurice\/ Contact : Num\u00e9ro de t\u00e9l\u00e9phone : 08 10 44 08 80 Directeur de la publication : Myriam BEKKAR-SCHNEIDER Editeur : L\u2019Or\u00e9al France, soci\u00e9t\u00e9 en nom collectif au capital de 127 918 715 euros, dont le si\u00e8ge social est 30 rue d\u2019Alsace [&hellip;]\" \/>\n<meta property=\"og:url\" content=\"https:\/\/www.queenmixa.com\/maurice\/conditions-generales-dutilisation\/\" \/>\n<meta property=\"og:site_name\" content=\"Mixa Queen\" \/>\n<meta name=\"twitter:card\" content=\"summary_large_image\" \/>\n<meta name=\"twitter:label1\" content=\"Est. reading time\" \/>\n\t<meta name=\"twitter:data1\" content=\"3 minutes\" \/>\n<script type=\"application\/ld+json\" class=\"yoast-schema-graph\">{\"@context\":\"https:\\\/\\\/schema.org\",\"@graph\":[{\"@type\":\"WebPage\",\"@id\":\"https:\\\/\\\/www.queenmixa.com\\\/maurice\\\/conditions-generales-dutilisation\\\/\",\"url\":\"https:\\\/\\\/www.queenmixa.com\\\/maurice\\\/conditions-generales-dutilisation\\\/\",\"name\":\"Conditions g\u00e9n\u00e9rales d\u2019utilisation - Mixa Queen\",\"isPartOf\":{\"@id\":\"https:\\\/\\\/www.queenmixa.com\\\/maurice\\\/#website\"},\"datePublished\":\"2026-03-30T09:10:13+00:00\",\"breadcrumb\":{\"@id\":\"https:\\\/\\\/www.queenmixa.com\\\/maurice\\\/conditions-generales-dutilisation\\\/#breadcrumb\"},\"inLanguage\":\"en-US\",\"potentialAction\":[{\"@type\":\"ReadAction\",\"target\":[\"https:\\\/\\\/www.queenmixa.com\\\/maurice\\\/conditions-generales-dutilisation\\\/\"]}]},{\"@type\":\"BreadcrumbList\",\"@id\":\"https:\\\/\\\/www.queenmixa.com\\\/maurice\\\/conditions-generales-dutilisation\\\/#breadcrumb\",\"itemListElement\":[{\"@type\":\"ListItem\",\"position\":1,\"name\":\"Home\",\"item\":\"https:\\\/\\\/www.queenmixa.com\\\/maurice\\\/\"},{\"@type\":\"ListItem\",\"position\":2,\"name\":\"Conditions g\u00e9n\u00e9rales d\u2019utilisation\"}]},{\"@type\":\"WebSite\",\"@id\":\"https:\\\/\\\/www.queenmixa.com\\\/maurice\\\/#website\",\"url\":\"https:\\\/\\\/www.queenmixa.com\\\/maurice\\\/\",\"name\":\"Mixa Queen\",\"description\":\"\",\"publisher\":{\"@id\":\"https:\\\/\\\/www.queenmixa.com\\\/maurice\\\/#organization\"},\"potentialAction\":[{\"@type\":\"SearchAction\",\"target\":{\"@type\":\"EntryPoint\",\"urlTemplate\":\"https:\\\/\\\/www.queenmixa.com\\\/maurice\\\/?s={search_term_string}\"},\"query-input\":{\"@type\":\"PropertyValueSpecification\",\"valueRequired\":true,\"valueName\":\"search_term_string\"}}],\"inLanguage\":\"en-US\"},{\"@type\":\"Organization\",\"@id\":\"https:\\\/\\\/www.queenmixa.com\\\/maurice\\\/#organization\",\"name\":\"Mixa Queen\",\"url\":\"https:\\\/\\\/www.queenmixa.com\\\/maurice\\\/\",\"logo\":{\"@type\":\"ImageObject\",\"inLanguage\":\"en-US\",\"@id\":\"https:\\\/\\\/www.queenmixa.com\\\/maurice\\\/#\\\/schema\\\/logo\\\/image\\\/\",\"url\":\"https:\\\/\\\/www.queenmixa.com\\\/maurice\\\/wp-content\\\/uploads\\\/2026\\\/03\\\/mixa-logo-new-1.svg\",\"contentUrl\":\"https:\\\/\\\/www.queenmixa.com\\\/maurice\\\/wp-content\\\/uploads\\\/2026\\\/03\\\/mixa-logo-new-1.svg\",\"caption\":\"Mixa Queen\"},\"image\":{\"@id\":\"https:\\\/\\\/www.queenmixa.com\\\/maurice\\\/#\\\/schema\\\/logo\\\/image\\\/\"}}]}<\/script>\n<!-- \/ Yoast SEO plugin. -->","yoast_head_json":{"title":"Conditions g\u00e9n\u00e9rales d\u2019utilisation - Mixa Queen","robots":{"index":"index","follow":"follow","max-snippet":"max-snippet:-1","max-image-preview":"max-image-preview:large","max-video-preview":"max-video-preview:-1"},"canonical":"https:\/\/www.queenmixa.com\/maurice\/conditions-generales-dutilisation\/","og_locale":"en_US","og_type":"article","og_title":"Conditions g\u00e9n\u00e9rales d\u2019utilisation - Mixa Queen","og_description":"Conditions g\u00e9n\u00e9rales d\u2019utilisation En vigueur \u00e0 partir du 01\/07\/2023 URL du Site : https:\/\/www.queenmixa.com\/maurice\/ Contact : Num\u00e9ro de t\u00e9l\u00e9phone : 08 10 44 08 80 Directeur de la publication : Myriam BEKKAR-SCHNEIDER Editeur : L\u2019Or\u00e9al France, soci\u00e9t\u00e9 en nom collectif au capital de 127 918 715 euros, dont le si\u00e8ge social est 30 rue d\u2019Alsace [&hellip;]","og_url":"https:\/\/www.queenmixa.com\/maurice\/conditions-generales-dutilisation\/","og_site_name":"Mixa Queen","twitter_card":"summary_large_image","twitter_misc":{"Est. reading time":"3 minutes"},"schema":{"@context":"https:\/\/schema.org","@graph":[{"@type":"WebPage","@id":"https:\/\/www.queenmixa.com\/maurice\/conditions-generales-dutilisation\/","url":"https:\/\/www.queenmixa.com\/maurice\/conditions-generales-dutilisation\/","name":"Conditions g\u00e9n\u00e9rales d\u2019utilisation - Mixa Queen","isPartOf":{"@id":"https:\/\/www.queenmixa.com\/maurice\/#website"},"datePublished":"2026-03-30T09:10:13+00:00","breadcrumb":{"@id":"https:\/\/www.queenmixa.com\/maurice\/conditions-generales-dutilisation\/#breadcrumb"},"inLanguage":"en-US","potentialAction":[{"@type":"ReadAction","target":["https:\/\/www.queenmixa.com\/maurice\/conditions-generales-dutilisation\/"]}]},{"@type":"BreadcrumbList","@id":"https:\/\/www.queenmixa.com\/maurice\/conditions-generales-dutilisation\/#breadcrumb","itemListElement":[{"@type":"ListItem","position":1,"name":"Home","item":"https:\/\/www.queenmixa.com\/maurice\/"},{"@type":"ListItem","position":2,"name":"Conditions g\u00e9n\u00e9rales d\u2019utilisation"}]},{"@type":"WebSite","@id":"https:\/\/www.queenmixa.com\/maurice\/#website","url":"https:\/\/www.queenmixa.com\/maurice\/","name":"Mixa Queen","description":"","publisher":{"@id":"https:\/\/www.queenmixa.com\/maurice\/#organization"},"potentialAction":[{"@type":"SearchAction","target":{"@type":"EntryPoint","urlTemplate":"https:\/\/www.queenmixa.com\/maurice\/?s={search_term_string}"},"query-input":{"@type":"PropertyValueSpecification","valueRequired":true,"valueName":"search_term_string"}}],"inLanguage":"en-US"},{"@type":"Organization","@id":"https:\/\/www.queenmixa.com\/maurice\/#organization","name":"Mixa Queen","url":"https:\/\/www.queenmixa.com\/maurice\/","logo":{"@type":"ImageObject","inLanguage":"en-US","@id":"https:\/\/www.queenmixa.com\/maurice\/#\/schema\/logo\/image\/","url":"https:\/\/www.queenmixa.com\/maurice\/wp-content\/uploads\/2026\/03\/mixa-logo-new-1.svg","contentUrl":"https:\/\/www.queenmixa.com\/maurice\/wp-content\/uploads\/2026\/03\/mixa-logo-new-1.svg","caption":"Mixa Queen"},"image":{"@id":"https:\/\/www.queenmixa.com\/maurice\/#\/schema\/logo\/image\/"}}]}},"_links":{"self":[{"href":"https:\/\/www.queenmixa.com\/maurice\/wp-json\/wp\/v2\/pages\/618","targetHints":{"allow":["GET"]}}],"collection":[{"href":"https:\/\/www.queenmixa.com\/maurice\/wp-json\/wp\/v2\/pages"}],"about":[{"href":"https:\/\/www.queenmixa.com\/maurice\/wp-json\/wp\/v2\/types\/page"}],"author":[{"embeddable":true,"href":"https:\/\/www.queenmixa.com\/maurice\/wp-json\/wp\/v2\/users\/1"}],"replies":[{"embeddable":true,"href":"https:\/\/www.queenmixa.com\/maurice\/wp-json\/wp\/v2\/comments?post=618"}],"version-history":[{"count":0,"href":"https:\/\/www.queenmixa.com\/maurice\/wp-json\/wp\/v2\/pages\/618\/revisions"}],"wp:attachment":[{"href":"https:\/\/www.queenmixa.com\/maurice\/wp-json\/wp\/v2\/media?parent=618"}],"curies":[{"name":"wp","href":"https:\/\/api.w.org\/{rel}","templated":true}]}}